{"id":983,"date":"2018-11-15T20:44:24","date_gmt":"2018-11-15T19:44:24","guid":{"rendered":"https:\/\/localhost\/Valdemarin1\/?page_id=983"},"modified":"2023-10-01T11:28:54","modified_gmt":"2023-10-01T09:28:54","slug":"wer-wir-sind","status":"publish","type":"page","link":"https:\/\/www.valdemarin.it\/?page_id=983&lang=de","title":{"rendered":"Wer wir sind"},"content":{"rendered":"\n\n\t<p>Das Bauingenieurb\u00fcro Valdemarin GmbH besch\u00e4ftigt sich mit Aktivit\u00e4ten, die von der Planung, der Bauleitung, der Sicherheitskoordination, dem Aufma\u00df und der Abrechnung, der technisch- administrativen, der statischen und der brandschutztechnischen Abnahme, sowie der Abnahme der technischen Anlagen, der Beratung und \u00dcberpr\u00fcfung bis zum Projektmanagement von \u00f6ffentlichen und privaten Arbeiten reichen.<\/p>\n<p>Die zahlreichen Aktivit\u00e4ten werden von einem Team von Ingenieuren und Architekten, durchgef\u00fchrt, die \u00fcber besondere Erfahrungen im Tiefbau und im Hochbau verf\u00fcgen und vom Ingenieur Dieter Sch\u00f6lzhorn geleitet und koordiniert werden. Die technische Spezialisierung der Mitarbeiter liegt insbesondere bei der Problembew\u00e4ltigung von Neubauten oder Sanierungen im Tunnelbau, bergm\u00e4nnisch vorgetrieben oder in offener Bauweise, von Stra\u00dfen- oder Bahnunterf\u00fchrungen mit Einschubtechnik, von Br\u00fccken und Viadukten, von Stra\u00dfen und Eisenbahn.<\/p>\n<p>Das Hauptmerkmal der vom Studio entworfenen und geleiteten Arbeiten liegt beim architektonischen Aspekt der ausgef\u00fchrten Bauwerke, um sie so weit wie m\u00f6glich mit der Umgebung in Einklang zu bringen.<\/p>\n<p>Das Bauingenieurb\u00fcro wurde 1976 von Dr. ing. Mario Valdemarin gegr\u00fcndet.<\/p>\n\n","protected":false},"excerpt":{"rendered":"<p>Das Bauingenieurb\u00fcro Valdemarin GmbH besch\u00e4ftigt sich mit Aktivit\u00e4ten, die von der Planung, der Bauleitung, der Sicherheitskoordination, dem Aufma\u00df und der Abrechnung, der technisch- administrativen, der statischen und der brandschutztechnischen Abnahme, sowie der Abnahme der technischen Anlagen, der Beratung und \u00dcberpr\u00fcfung bis zum Projektmanagement von \u00f6ffentlichen und privaten Arbeiten reichen. Die zahlreichen Aktivit\u00e4ten werden von einem&hellip; <br \/> <a class=\"read-more\" href=\"https:\/\/www.valdemarin.it\/?page_id=983&#038;lang=de\">Leggi tutto<\/a><\/p>\n","protected":false},"author":1,"featured_media":0,"parent":0,"menu_order":0,"comment_status":"closed","ping_status":"closed","template":"","meta":[],"_links":{"self":[{"href":"https:\/\/www.valdemarin.it\/index.php?rest_route=\/wp\/v2\/pages\/983"}],"collection":[{"href":"https:\/\/www.valdemarin.it\/index.php?rest_route=\/wp\/v2\/pages"}],"about":[{"href":"https:\/\/www.valdemarin.it\/index.php?rest_route=\/wp\/v2\/types\/page"}],"author":[{"embeddable":true,"href":"https:\/\/www.valdemarin.it\/index.php?rest_route=\/wp\/v2\/users\/1"}],"replies":[{"embeddable":true,"href":"https:\/\/www.valdemarin.it\/index.php?rest_route=%2Fwp%2Fv2%2Fcomments&post=983"}],"version-history":[{"count":6,"href":"https:\/\/www.valdemarin.it\/index.php?rest_route=\/wp\/v2\/pages\/983\/revisions"}],"predecessor-version":[{"id":1959,"href":"https:\/\/www.valdemarin.it\/index.php?rest_route=\/wp\/v2\/pages\/983\/revisions\/1959"}],"wp:attachment":[{"href":"https:\/\/www.valdemarin.it\/index.php?rest_route=%2Fwp%2Fv2%2Fmedia&parent=983"}],"curies":[{"name":"wp","href":"https:\/\/api.w.org\/{rel}","templated":true}]}}