{"id":474,"date":"2018-08-31T19:01:43","date_gmt":"2018-08-31T17:01:43","guid":{"rendered":"https:\/\/localhost\/Valdemarin1\/?page_id=474"},"modified":"2023-10-04T10:41:56","modified_gmt":"2023-10-04T08:41:56","slug":"mesmerize-2-2","status":"publish","type":"page","link":"https:\/\/www.valdemarin.it\/?page_id=474&lang=de","title":{"rendered":"Front PageDEU"},"content":{"rendered":"<div  data-label=\"Features\" data-id=\"features--3\" data-export-id=\"features-12\" data-category=\"features\" class=\"features-12 content-section content-section-spacing \" id=\"features-3\" style=\"background-color: rgb(245, 250, 253);\"><div  class=\"gridContainer\"> <div  class=\"row text-center\"><div  class=\"section-title-col\" data-type=\"column\"> <h2  class=\"\">Wer wir sind<\/h2> <p  class=\"lead\">Das Bauingenieurb\u00fcro Valdemarin GmbH besch\u00e4ftigt sich mit Aktivit\u00e4ten, die von der Planung, der Bauleitung, der Sicherheitskoordination, dem Aufma\u00df und der Abrechnung, der technisch- administrativen, der statischen und der brandschutztechnischen Abnahme, sowie der Abnahme der technischen Anlagen, der Beratung und \u00dcberpr\u00fcfung bis zum Projektmanagement von \u00f6ffentlichen und privaten Arbeiten reichen.\n<br ><br >Die zahlreichen Aktivit\u00e4ten werden von einem Team von Ingenieuren und Architekten durchgef\u00fchrt, die \u00fcber besondere Erfahrungen im Tiefbau und im Hochbau verf\u00fcgen und vom Ingenieur Dieter Sch\u00f6lzhorn geleitet und koordiniert werden. Die technische Spezialisierung der Mitarbeiter liegt insbesondere bei der Problembew\u00e4ltigung von Neubauten oder Sanierungen im Tunnelbau, bergm\u00e4nnisch vorgetrieben oder in offener Bauweise, von Stra\u00dfen- oder Bahnunterf\u00fchrungen mit Einschubtechnik, von Br\u00fccken und Viadukten, von Stra\u00dfen und Eisenbahn.\n<br ><br >Das Hauptmerkmal der vom Studio entworfenen und geleiteten Arbeiten liegt beim architektonischen Aspekt der ausgef\u00fchrten Bauwerke, um sie so weit wie m\u00f6glich mit der Umgebung in Einklang zu bringen.\n<br ><br >Das Bauingenieurb\u00fcro wurde 1976 von Dr.ing. Mario Valdemarin gegr\u00fcndet.<\/p><\/div> <\/div> <div  class=\"row spaced-cols\" data-type=\"row\">    <div  class=\"col-sm-6\"><div  class=\"row space-bottom\"> <div  class=\"col-sm-fit icon-column\" data-preview-empty=\"1\"><\/div> <div  class=\"col-sm\" data-type=\"column\"> <\/div> <\/div><\/div> <\/div><\/div> <\/div><div  id=\"contact-1\" data-label=\"Contact\" data-id=\"contact-1\" data-export-id=\"contact-1\" data-category=\"contact\" class=\"contact-1 content-section content-section-spacing white-text\" data-parallax-depth=\"20\" style=\"background-size: cover; background-position: center top;\"><div  class=\"gridContainer\"> <div  class=\"row text-center\"><div  class=\"section-title-col\" data-type=\"column\"> <h2  class=\"\">Impressum<\/h2> <\/div> <\/div> <div  class=\"row text-center\"> <div  class=\"col-xs-12 col-sm-8 col-sm-offset-2 contact-form-wrapper inline-info\"> <div  class=\"card large-padding\"> <div  class=\"\" data-content-shortcode=\"mesmerize_contact_form shortcode=&quot;contact-form-7 id=&amp;amp;quot;581&amp;amp;quot; title=&amp;amp;quot;Modulo di contatto DEU&amp;amp;quot;&quot;\" data-editable=\"true\"><div role=\"form\" class=\"wpcf7\" id=\"wpcf7-f581-o1\" lang=\"it-IT\" dir=\"ltr\">\n<div class=\"screen-reader-response\"><\/div>\n<form action=\"\/index.php?rest_route=%2Fwp%2Fv2%2Fpages%2F474#wpcf7-f581-o1\" method=\"post\" class=\"wpcf7-form\" novalidate=\"novalidate\">\n<div style=\"display: none;\">\n<input type=\"hidden\" name=\"_wpcf7\" value=\"581\" \/>\n<input type=\"hidden\" name=\"_wpcf7_version\" value=\"5.1.7\" \/>\n<input type=\"hidden\" name=\"_wpcf7_locale\" value=\"it_IT\" \/>\n<input type=\"hidden\" name=\"_wpcf7_unit_tag\" value=\"wpcf7-f581-o1\" \/>\n<input type=\"hidden\" name=\"_wpcf7_container_post\" value=\"0\" \/>\n<input type=\"hidden\" name=\"_wpcf7cf_hidden_group_fields\" value=\"\" \/>\n<input type=\"hidden\" name=\"_wpcf7cf_hidden_groups\" value=\"\" \/>\n<input type=\"hidden\" name=\"_wpcf7cf_visible_groups\" value=\"\" \/>\n<input type=\"hidden\" name=\"_wpcf7cf_repeaters\" value=\"[]\" \/>\n<input type=\"hidden\" name=\"_wpcf7cf_steps\" value=\"{}\" \/>\n<input type=\"hidden\" name=\"_wpcf7cf_options\" value=\"{&quot;form_id&quot;:581,&quot;conditions&quot;:[],&quot;settings&quot;:{&quot;animation&quot;:&quot;yes&quot;,&quot;animation_intime&quot;:200,&quot;animation_outtime&quot;:200,&quot;conditions_ui&quot;:&quot;normal&quot;,&quot;notice_dismissed&quot;:false,&quot;notice_dismissed_update-cf7-5.3.2&quot;:true}}\" \/>\n<input type=\"hidden\" name=\"g-recaptcha-response\" value=\"\" \/>\n<\/div>\n<p><label> Dein Name (erforderlich)<br \/>\n    <span class=\"wpcf7-form-control-wrap your-name\"><input type=\"text\" name=\"your-name\" value=\"\" size=\"40\" class=\"wpcf7-form-control wpcf7-text wpcf7-validates-as-required\" aria-required=\"true\" aria-invalid=\"false\" \/><\/span> <\/label><\/p>\n<p><label> Deine E-Mail (erforderlich)<br \/>\n    <span class=\"wpcf7-form-control-wrap your-email\"><input type=\"email\" name=\"your-email\" value=\"\" size=\"40\" class=\"wpcf7-form-control wpcf7-text wpcf7-email wpcf7-validates-as-required wpcf7-validates-as-email\" aria-required=\"true\" aria-invalid=\"false\" \/><\/span> <\/label><\/p>\n<p><label> Thema<br \/>\n    <span class=\"wpcf7-form-control-wrap your-subject\"><input type=\"text\" name=\"your-subject\" value=\"\" size=\"40\" class=\"wpcf7-form-control wpcf7-text\" aria-invalid=\"false\" \/><\/span> <\/label><\/p>\n<p><label> Deine Nachricht<br \/>\n    <span class=\"wpcf7-form-control-wrap your-message\"><textarea name=\"your-message\" cols=\"40\" rows=\"10\" class=\"wpcf7-form-control wpcf7-textarea\" aria-invalid=\"false\"><\/textarea><\/span> <\/label><\/p>\n<p><input type=\"submit\" value=\"Einreichen\" class=\"wpcf7-form-control wpcf7-submit\" \/><\/p>\n<div class=\"wpcf7-response-output wpcf7-display-none\"><\/div><\/form><\/div><\/div><\/div> <\/div><\/div> <\/div><\/div>","protected":false},"excerpt":{"rendered":"<p>Wer wir sind Das Bauingenieurb\u00fcro Valdemarin GmbH besch\u00e4ftigt sich mit Aktivit\u00e4ten, die von der Planung, der Bauleitung, der Sicherheitskoordination, dem Aufma\u00df und der Abrechnung, der technisch- administrativen, der statischen und der brandschutztechnischen Abnahme, sowie der Abnahme der technischen Anlagen, der Beratung und \u00dcberpr\u00fcfung bis zum Projektmanagement von \u00f6ffentlichen und privaten Arbeiten reichen. Die zahlreichen Aktivit\u00e4ten&hellip; <br \/> <a class=\"read-more\" href=\"https:\/\/www.valdemarin.it\/?page_id=474&#038;lang=de\">Leggi tutto<\/a><\/p>\n","protected":false},"author":1,"featured_media":0,"parent":0,"menu_order":0,"comment_status":"closed","ping_status":"closed","template":"page-templates\/homepage.php","meta":[],"_links":{"self":[{"href":"https:\/\/www.valdemarin.it\/index.php?rest_route=\/wp\/v2\/pages\/474"}],"collection":[{"href":"https:\/\/www.valdemarin.it\/index.php?rest_route=\/wp\/v2\/pages"}],"about":[{"href":"https:\/\/www.valdemarin.it\/index.php?rest_route=\/wp\/v2\/types\/page"}],"author":[{"embeddable":true,"href":"https:\/\/www.valdemarin.it\/index.php?rest_route=\/wp\/v2\/users\/1"}],"replies":[{"embeddable":true,"href":"https:\/\/www.valdemarin.it\/index.php?rest_route=%2Fwp%2Fv2%2Fcomments&post=474"}],"version-history":[{"count":14,"href":"https:\/\/www.valdemarin.it\/index.php?rest_route=\/wp\/v2\/pages\/474\/revisions"}],"predecessor-version":[{"id":2009,"href":"https:\/\/www.valdemarin.it\/index.php?rest_route=\/wp\/v2\/pages\/474\/revisions\/2009"}],"wp:attachment":[{"href":"https:\/\/www.valdemarin.it\/index.php?rest_route=%2Fwp%2Fv2%2Fmedia&parent=474"}],"curies":[{"name":"wp","href":"https:\/\/api.w.org\/{rel}","templated":true}]}}